{"id":4315,"date":"2022-07-06T08:28:57","date_gmt":"2022-07-06T08:28:57","guid":{"rendered":"https:\/\/www.jobandjoy.eu\/?page_id=4315"},"modified":"2022-09-01T12:34:00","modified_gmt":"2022-09-01T12:34:00","slug":"ueber-uns","status":"publish","type":"page","link":"https:\/\/www.jobandjoy.eu\/de\/ueber-uns\/","title":{"rendered":"\u00dcber uns"},"content":{"rendered":"<p><div class=\"fusion-fullwidth fullwidth-box fusion-builder-row-1 fusion-flex-container nonhundred-percent-fullwidth non-hundred-percent-height-scrolling\" style=\"--awb-background-position:left center;--awb-border-radius-top-left:0px;--awb-border-radius-top-right:0px;--awb-border-radius-bottom-right:0px;--awb-border-radius-bottom-left:0px;--awb-padding-top:4.063em;--awb-padding-bottom:0px;--awb-margin-top:0px;--awb-margin-bottom:0px;--awb-background-color:var(--awb-custom_color_2);--awb-background-image:radial-gradient(circle at center center, var(--awb-custom_color_5) 85%,rgba(255,255,255,0) 0%);--awb-flex-wrap:wrap;\" ><div class=\"fusion-builder-row fusion-row fusion-flex-align-items-center fusion-flex-content-wrap\" style=\"max-width:1248px;margin-left: calc(-4% \/ 2 );margin-right: calc(-4% \/ 2 );\"><div class=\"fusion-layout-column fusion_builder_column fusion-builder-column-0 fusion_builder_column_1_4 1_4 fusion-flex-column fusion-flex-align-self-center fusion-no-small-visibility\" style=\"--awb-padding-top:0px;--awb-padding-bottom:0px;--awb-bg-size:cover;--awb-width-large:25%;--awb-margin-top-large:0px;--awb-spacing-right-large:7.68%;--awb-margin-bottom-large:0px;--awb-spacing-left-large:7.68%;--awb-width-medium:25%;--awb-order-medium:0;--awb-spacing-right-medium:7.68%;--awb-spacing-left-medium:7.68%;--awb-width-small:100%;--awb-order-small:0;--awb-spacing-right-small:1.92%;--awb-spacing-left-small:1.92%;\"><div class=\"fusion-column-wrapper fusion-column-has-shadow fusion-flex-justify-content-center fusion-content-layout-column\"><div class=\"fusion-image-element \" style=\"--awb-caption-title-font-family:var(--h2_typography-font-family);--awb-caption-title-font-weight:var(--h2_typography-font-weight);--awb-caption-title-font-style:var(--h2_typography-font-style);--awb-caption-title-size:var(--h2_typography-font-size);--awb-caption-title-transform:var(--h2_typography-text-transform);--awb-caption-title-line-height:var(--h2_typography-line-height);--awb-caption-title-letter-spacing:var(--h2_typography-letter-spacing);\"><span class=\" fusion-imageframe imageframe-none imageframe-1 hover-type-none\"><img decoding=\"async\" width=\"318\" height=\"339\" alt=\"\u00dcber uns\" src=\"https:\/\/www.jobandjoy.eu\/wp-content\/uploads\/2022\/04\/jobandjoy-pictogram-logo-color.png\" data-orig-src=\"https:\/\/www.jobandjoy.it\/wp-content\/uploads\/2022\/04\/jobandjoy-pictogram-logo-color.png\" class=\"lazyload img-responsive wp-image-4243\" srcset=\"data:image\/svg+xml,%3Csvg%20xmlns%3D%27http%3A%2F%2Fwww.w3.org%2F2000%2Fsvg%27%20width%3D%27318%27%20height%3D%27339%27%20viewBox%3D%270%200%20318%20339%27%3E%3Crect%20width%3D%27318%27%20height%3D%27339%27%20fill-opacity%3D%220%22%2F%3E%3C%2Fsvg%3E\" data-srcset=\"https:\/\/www.jobandjoy.eu\/wp-content\/uploads\/2022\/04\/jobandjoy-pictogram-logo-color-200x213.png 200w, https:\/\/www.jobandjoy.eu\/wp-content\/uploads\/2022\/04\/jobandjoy-pictogram-logo-color.png 318w\" data-sizes=\"auto\" data-orig-sizes=\"(max-width: 640px) 100vw, 318px\" \/><\/span><\/div><\/div><\/div><div class=\"fusion-layout-column fusion_builder_column fusion-builder-column-1 fusion_builder_column_3_5 3_5 fusion-flex-column fusion-flex-align-self-center\" style=\"--awb-padding-top:0px;--awb-padding-bottom:0px;--awb-bg-size:cover;--awb-width-large:60%;--awb-margin-top-large:0px;--awb-spacing-right-large:3.2%;--awb-margin-bottom-large:0px;--awb-spacing-left-large:3.2%;--awb-width-medium:60%;--awb-order-medium:0;--awb-spacing-right-medium:3.2%;--awb-spacing-left-medium:3.2%;--awb-width-small:100%;--awb-order-small:0;--awb-spacing-right-small:1.92%;--awb-spacing-left-small:1.92%;\"><div class=\"fusion-column-wrapper fusion-column-has-shadow fusion-flex-justify-content-center fusion-content-layout-column\"><div class=\"fusion-title title fusion-title-1 fusion-sep-none fusion-title-text fusion-title-size-one\" style=\"--awb-text-color:var(--awb-color1);--awb-margin-top-small:10px;--awb-margin-right-small:0px;--awb-margin-bottom-small:10px;--awb-margin-left-small:0px;--awb-font-size:2em;\"><h1 class=\"fusion-title-heading title-heading-left fusion-responsive-typography-calculated\" style=\"font-family:var(--awb-typography1-font-family);font-weight:var(--awb-typography1-font-weight);font-style:var(--awb-typography1-font-style);margin:0;letter-spacing:var(--awb-typography1-letter-spacing);text-transform:uppercase;font-size:1em;--fontSize:32;line-height:var(--awb-typography1-line-height);\">Ueber uns<\/h1><\/div><\/div><\/div><div class=\"fusion-layout-column fusion_builder_column fusion-builder-column-2 fusion_builder_column_1_1 1_1 fusion-flex-column\" style=\"--awb-padding-bottom:0px;--awb-bg-size:cover;--awb-width-large:100%;--awb-margin-top-large:4.063em;--awb-spacing-right-large:1.92%;--awb-margin-bottom-large:0px;--awb-spacing-left-large:1.92%;--awb-width-medium:100%;--awb-order-medium:0;--awb-spacing-right-medium:1.92%;--awb-spacing-left-medium:1.92%;--awb-width-small:100%;--awb-order-small:0;--awb-spacing-right-small:1.92%;--awb-spacing-left-small:1.92%;\"><div class=\"fusion-column-wrapper fusion-column-has-shadow fusion-flex-justify-content-flex-start fusion-content-layout-column\"><div class=\"fusion-text fusion-text-1 brand-strips center\"><p>Brand strip<\/p>\n<\/div><\/div><\/div><\/div><\/div><div class=\"fusion-fullwidth fullwidth-box fusion-builder-row-2 fusion-flex-container nonhundred-percent-fullwidth non-hundred-percent-height-scrolling\" style=\"--awb-border-radius-top-left:0px;--awb-border-radius-top-right:0px;--awb-border-radius-bottom-right:0px;--awb-border-radius-bottom-left:0px;--awb-padding-top:3.750em;--awb-padding-bottom:3.750em;--awb-margin-top:0px;--awb-margin-bottom:0px;--awb-background-color:var(--awb-custom_color_3);--awb-flex-wrap:wrap;\" ><div class=\"fusion-builder-row fusion-row fusion-flex-align-items-flex-start fusion-flex-content-wrap\" style=\"max-width:1248px;margin-left: calc(-4% \/ 2 );margin-right: calc(-4% \/ 2 );\"><div class=\"fusion-layout-column fusion_builder_column fusion-builder-column-3 fusion_builder_column_1_3 1_3 fusion-flex-column fusion-animated\" style=\"--awb-bg-size:cover;--awb-width-large:33.333333333333%;--awb-margin-top-large:0px;--awb-spacing-right-large:5.76%;--awb-margin-bottom-large:20px;--awb-spacing-left-large:5.76%;--awb-width-medium:33.333333333333%;--awb-order-medium:0;--awb-spacing-right-medium:5.76%;--awb-spacing-left-medium:5.76%;--awb-width-small:100%;--awb-order-small:0;--awb-spacing-right-small:1.92%;--awb-spacing-left-small:1.92%;\" data-animationType=\"fadeInLeft\" data-animationDuration=\"0.8\" data-animationOffset=\"top-into-view\"><div class=\"fusion-column-wrapper fusion-column-has-shadow fusion-flex-justify-content-flex-start fusion-content-layout-column\"><div class=\"fusion-image-element \" style=\"--awb-caption-title-font-family:var(--h2_typography-font-family);--awb-caption-title-font-weight:var(--h2_typography-font-weight);--awb-caption-title-font-style:var(--h2_typography-font-style);--awb-caption-title-size:var(--h2_typography-font-size);--awb-caption-title-transform:var(--h2_typography-text-transform);--awb-caption-title-line-height:var(--h2_typography-line-height);--awb-caption-title-letter-spacing:var(--h2_typography-letter-spacing);\"><span class=\" has-fusion-standard-logo has-fusion-sticky-logo has-fusion-mobile-logo fusion-imageframe imageframe-none imageframe-2 hover-type-none\"><img decoding=\"async\" src=\"https:\/\/www.jobandjoy.eu\/wp-content\/uploads\/2022\/04\/jobandjoy-pictogram-logo-color.png\" data-orig-src=\"https:\/\/www.jobandjoy.eu\/wp-content\/uploads\/2026\/02\/EN-JJ-color.png\" srcset=\"data:image\/svg+xml,%3Csvg%20xmlns%3D%27http%3A%2F%2Fwww.w3.org%2F2000%2Fsvg%27%20width%3D%27318%27%20height%3D%27339%27%20viewBox%3D%270%200%20318%20339%27%3E%3Crect%20width%3D%27318%27%20height%3D%27339%27%20fill-opacity%3D%220%22%2F%3E%3C%2Fsvg%3E\" data-srcset=\"https:\/\/www.jobandjoy.eu\/wp-content\/uploads\/2026\/02\/EN-JJ-color.png 1x, https:\/\/www.jobandjoy.eu\/wp-content\/uploads\/2026\/02\/EN-JJ-color.png 2x\" style=\"max-height:198px;height:auto;\" retina_url=\"https:\/\/www.jobandjoy.eu\/wp-content\/uploads\/2026\/02\/EN-JJ-color.png\" width=\"842\" height=\"198\" class=\"lazyload img-responsive fusion-standard-logo\" alt=\"Job&amp;Joy Logo\" \/><img decoding=\"async\" src=\"https:\/\/www.jobandjoy.eu\/wp-content\/uploads\/2022\/04\/jobandjoy-pictogram-logo-color.png\" data-orig-src=\"https:\/\/www.jobandjoy.eu\/wp-content\/uploads\/2026\/02\/EN-JJ-color.png\" srcset=\"data:image\/svg+xml,%3Csvg%20xmlns%3D%27http%3A%2F%2Fwww.w3.org%2F2000%2Fsvg%27%20width%3D%27318%27%20height%3D%27339%27%20viewBox%3D%270%200%20318%20339%27%3E%3Crect%20width%3D%27318%27%20height%3D%27339%27%20fill-opacity%3D%220%22%2F%3E%3C%2Fsvg%3E\" data-srcset=\"https:\/\/www.jobandjoy.eu\/wp-content\/uploads\/2026\/02\/EN-JJ-color.png 1x, https:\/\/www.jobandjoy.eu\/wp-content\/uploads\/2026\/02\/EN-JJ-color.png 2x\" style=\"max-height:198px;height:auto;\" retina_url=\"https:\/\/www.jobandjoy.eu\/wp-content\/uploads\/2026\/02\/EN-JJ-color.png\" width=\"842\" height=\"198\" class=\"lazyload img-responsive fusion-sticky-logo\" alt=\"Job&amp;Joy Logo\" \/><img decoding=\"async\" src=\"https:\/\/www.jobandjoy.eu\/wp-content\/uploads\/2022\/04\/jobandjoy-pictogram-logo-color.png\" data-orig-src=\"https:\/\/www.jobandjoy.eu\/wp-content\/uploads\/2026\/02\/EN-JJ-color.png\" srcset=\"data:image\/svg+xml,%3Csvg%20xmlns%3D%27http%3A%2F%2Fwww.w3.org%2F2000%2Fsvg%27%20width%3D%27318%27%20height%3D%27339%27%20viewBox%3D%270%200%20318%20339%27%3E%3Crect%20width%3D%27318%27%20height%3D%27339%27%20fill-opacity%3D%220%22%2F%3E%3C%2Fsvg%3E\" data-srcset=\"https:\/\/www.jobandjoy.eu\/wp-content\/uploads\/2026\/02\/EN-JJ-color.png 1x, https:\/\/www.jobandjoy.eu\/wp-content\/uploads\/2026\/02\/EN-JJ-color.png 2x\" style=\"max-height:198px;height:auto;\" retina_url=\"https:\/\/www.jobandjoy.eu\/wp-content\/uploads\/2026\/02\/EN-JJ-color.png\" width=\"842\" height=\"198\" class=\"lazyload img-responsive fusion-mobile-logo\" alt=\"Job&amp;Joy Logo\" \/><\/span><\/div><div class=\"fusion-text fusion-text-2\"><blockquote>\n<p>Job&amp;Joy is powered by Amilon<\/p>\n<\/blockquote>\n<\/div><\/div><\/div><div class=\"fusion-layout-column fusion_builder_column fusion-builder-column-4 fusion_builder_column_2_3 2_3 fusion-flex-column fusion-animated\" style=\"--awb-bg-size:cover;--awb-width-large:66.666666666667%;--awb-margin-top-large:0px;--awb-spacing-right-large:2.88%;--awb-margin-bottom-large:20px;--awb-spacing-left-large:2.88%;--awb-width-medium:66.666666666667%;--awb-order-medium:0;--awb-spacing-right-medium:2.88%;--awb-spacing-left-medium:2.88%;--awb-width-small:100%;--awb-order-small:0;--awb-spacing-right-small:1.92%;--awb-spacing-left-small:1.92%;\" data-animationType=\"fadeInRight\" data-animationDuration=\"0.8\" data-animationOffset=\"top-into-view\"><div class=\"fusion-column-wrapper fusion-column-has-shadow fusion-flex-justify-content-flex-start fusion-content-layout-column\"><div class=\"fusion-text fusion-text-3\" style=\"--awb-font-size:var(--awb-typography4-font-size);--awb-line-height:var(--awb-typography4-line-height);--awb-letter-spacing:var(--awb-typography4-letter-spacing);--awb-text-transform:var(--awb-typography4-text-transform);--awb-text-font-family:var(--awb-typography4-font-family);--awb-text-font-weight:var(--awb-typography4-font-weight);--awb-text-font-style:var(--awb-typography4-font-style);\"><p>Seit 2007 ist <strong>Amilon<\/strong> europaweit f\u00fchrend in der Verwaltung von <strong>digitalen Geschenkkartenprogrammen<\/strong> und der Umsetzung von Strategien f\u00fcr den <a title=\"Geschenkkarten-Service - ertreiben Sie Geschenkkarten Ihrer eigenen Marke\" href=\"https:\/\/amilon.eu\/de\/merchant-solutions\/tech-solutions\/gift-card-service\/\" target=\"_blank\" rel=\"noopener\">Vertrieb von Geschenkkarten<\/a>, Gutscheinen, Einkaufsgutscheinen und Aufladungen, die in einer einzigen <em>Markenw\u00e4hrung<\/em> zusammenlaufen.<\/p>\n<p>Amilon ist in mehr als <strong>drei\u00dfig L\u00e4ndern<\/strong> aktiv und geh\u00f6rt seit 2020 zur <em>Zucchetti-Gruppe<\/em>.<\/p>\n<p>Durch Partnerschaften mit mehr als <a title=\"Entdecken Sie alle Amilon Geschenkartikel f\u00fcr Ihr Unternehmen\" href=\"https:\/\/amilon.eu\/de\/corporate-solutions\/buy-gift-cards\/catalogue\/\" target=\"_blank\" rel=\"noopener\"><strong>250 H\u00e4ndlern<\/strong><\/a> und einen internationalen Entwicklungsplan sieht sich Amilon als idealer Geschenkkartenpartner f\u00fcr Unternehmen und H\u00e4ndler und verf\u00fcgt \u00fcber ein Team von 70 Branchenexperten.<\/p>\n<\/div><div style=\"text-align:center;\"><a class=\"fusion-button button-flat fusion-button-default-size button-custom fusion-button-default button-1 fusion-button-default-span fusion-button-default-type\" style=\"--button_accent_color:var(--awb-color1);--button_accent_hover_color:var(--awb-color1);--button_border_hover_color:var(--awb-color1);--button_gradient_top_color:var(--awb-custom_color_2);--button_gradient_bottom_color:var(--awb-custom_color_2);--button_gradient_top_color_hover:var(--awb-custom_color_4);--button_gradient_bottom_color_hover:var(--awb-custom_color_4);--button_font_size:1.125em;--button_line_height:var(--awb-typography4-line-height);--button_typography-letter-spacing:var(--awb-typography4-letter-spacing);--button_typography-font-family:&quot;Montserrat&quot;;--button_typography-font-style:normal;--button_typography-font-weight:500;--button_margin-top:0px;--button_margin-bottom:1.875em;\" target=\"_self\" href=\"https:\/\/amilon.eu\/de\/\" rel=\"noopener\"><span class=\"fusion-button-text awb-button__text awb-button__text--default\">Weitere Informationen<\/span><\/a><\/div><\/div><\/div><\/div><\/div><\/p>\n","protected":false},"excerpt":{"rendered":"","protected":false},"author":1,"featured_media":0,"parent":0,"menu_order":0,"comment_status":"closed","ping_status":"closed","template":"100-width.php","meta":{"inline_featured_image":false,"footnotes":""},"class_list":["post-4315","page","type-page","status-publish","hentry"],"_links":{"self":[{"href":"https:\/\/www.jobandjoy.eu\/de\/wp-json\/wp\/v2\/pages\/4315","targetHints":{"allow":["GET"]}}],"collection":[{"href":"https:\/\/www.jobandjoy.eu\/de\/wp-json\/wp\/v2\/pages"}],"about":[{"href":"https:\/\/www.jobandjoy.eu\/de\/wp-json\/wp\/v2\/types\/page"}],"author":[{"embeddable":true,"href":"https:\/\/www.jobandjoy.eu\/de\/wp-json\/wp\/v2\/users\/1"}],"replies":[{"embeddable":true,"href":"https:\/\/www.jobandjoy.eu\/de\/wp-json\/wp\/v2\/comments?post=4315"}],"version-history":[{"count":6,"href":"https:\/\/www.jobandjoy.eu\/de\/wp-json\/wp\/v2\/pages\/4315\/revisions"}],"predecessor-version":[{"id":4365,"href":"https:\/\/www.jobandjoy.eu\/de\/wp-json\/wp\/v2\/pages\/4315\/revisions\/4365"}],"wp:attachment":[{"href":"https:\/\/www.jobandjoy.eu\/de\/wp-json\/wp\/v2\/media?parent=4315"}],"curies":[{"name":"wp","href":"https:\/\/api.w.org\/{rel}","templated":true}]}}